{"id":1015,"date":"2021-05-04T19:39:12","date_gmt":"2021-05-04T17:39:12","guid":{"rendered":"https:\/\/aerosim.eu\/privacy-policy\/"},"modified":"2021-05-05T18:05:41","modified_gmt":"2021-05-05T16:05:41","slug":"privacy-policy","status":"publish","type":"page","link":"https:\/\/aerosim.cz\/en\/privacy-policy\/","title":{"rendered":"Privacy Policy"},"content":{"rendered":"<p>[et_pb_section fb_built=&#8221;1&#8243; _builder_version=&#8221;3.22&#8243;][et_pb_row _builder_version=&#8221;3.25&#8243; background_size=&#8221;initial&#8221; background_position=&#8221;top_left&#8221; background_repeat=&#8221;repeat&#8221;][et_pb_column type=&#8221;4_4&#8243; _builder_version=&#8221;3.25&#8243; custom_padding=&#8221;|||&#8221; custom_padding__hover=&#8221;|||&#8221;][et_pb_text admin_label=&#8221;Nadpis&#8221; _builder_version=&#8221;3.27.4&#8243; header_font=&#8221;|700|||||||&#8221; header_text_align=&#8221;center&#8221; header_font_size=&#8221;42px&#8221; header_line_height=&#8221;1.3em&#8221; custom_margin=&#8221;||50px|&#8221; saved_tabs=&#8221;all&#8221;]<\/p>\n<h1>PRIVACY POLICY<\/h1>\n<p>[\/et_pb_text][et_pb_text _builder_version=&#8221;3.27.4&#8243; header_2_font=&#8221;|800|||||||&#8221; header_2_line_height=&#8221;1.3em&#8221; header_3_font=&#8221;|700|||||||&#8221; header_3_font_size=&#8221;20px&#8221; header_3_line_height=&#8221;1.2em&#8221; header_4_font=&#8221;|600|||||||&#8221; header_4_font_size=&#8221;16px&#8221; header_4_line_height=&#8221;1.2em&#8221;]<\/p>\n<h2>Obecn\u00e1 ustanoven\u00ed<\/h2>\n<p>Na\u0161e webov\u00e1 adresa je: https:\/\/aerosim.cz.<\/p>\n<p>AEROSIM.cz klade na ochranu osobn\u00edch \u00fadaj\u016f velk\u00fd d\u016fraz. Ji\u017e od po\u010d\u00e1tku chr\u00e1n\u00edme \u00fadaje na\u0161ich klient\u016f co nejl\u00e9pe dovedeme. Kontaktn\u00ed \u00fadaje nikdy nep\u0159ed\u00e1v\u00e1me do doby, ne\u017e je zprost\u0159edkov\u00e1na samotn\u00e1 objedn\u00e1vka \u010di pokud n\u00e1m to neukl\u00e1d\u00e1 z\u00e1kon.<\/p>\n<p>\u00da\u010delem tohoto dokumentu je informovat v\u00e1s o rozsahu a zp\u016fsobu ukl\u00e1d\u00e1n\u00ed va\u0161ich osobn\u00edch \u00fadaj\u016f, va\u0161ich pr\u00e1vech a o form\u011b jakou m\u016f\u017eete sv\u00e1 pr\u00e1va uplat\u0148ovat.<\/p>\n<p>Zpracov\u00e1n\u00ed osobn\u00edch \u00fadaj\u016f na&nbsp;https:\/\/aerosim.cz prov\u00e1d\u00ed David Jande\u010dka. I\u010c: 74985191, Martinov 278, 277 13, Z\u00e1ryby, \u010cesk\u00e1 republika. Zpracovatel je \u0159\u00e1dn\u011b registrov\u00e1n na \u00da\u0159ad\u011b pro ochranu osobn\u00edch \u00fadaj\u016f.<\/p>\n<h2>\u00da\u010del a zp\u016fsob zpracov\u00e1n\u00ed osobn\u00edch \u00fadaj\u016f<\/h2>\n<p>Va\u0161e osobn\u00ed \u00fadaje zpracov\u00e1v\u00e1me n\u011bkolika r\u016fzn\u00fdmi zp\u016fsoby a pro odpov\u00eddaj\u00edc\u00ed \u00fa\u010dely:<\/p>\n<h3>Cookies<\/h3>\n<p>P\u0159i pou\u017e\u00edv\u00e1n\u00ed na\u0161ich internetov\u00fdch str\u00e1nek m\u016f\u017ee doch\u00e1zet ke zpracov\u00e1n\u00ed va\u0161ich osobn\u00edch \u00fadaj\u016f prost\u0159ednictv\u00edm cookies. V\u00edce o cookies se m\u016f\u017eete dozv\u011bd\u011bt nap\u0159\u00edklad zde:&nbsp;<a href=\"https:\/\/policies.google.com\/technologies\/cookies\" target=\"_blank\" rel=\"noopener\">https:\/\/policies.google.com\/technologies\/cookies<\/a><\/p>\n<h3>Analytika<\/h3>\n<p>Pro anonymn\u00ed anal\u00fdzu n\u00e1v\u0161t\u011bvnosti vyu\u017e\u00edv\u00e1me n\u00e1stroj&nbsp;Google Analytics spole\u010dnosti Google LLC.<\/p>\n<p>Pro sledov\u00e1n\u00ed p\u0159\u00edstup\u016f a informac\u00ed o proveden\u00fdch objedn\u00e1vk\u00e1ch v r\u00e1mci provizn\u00edho programu vyu\u017e\u00edv\u00e1me slu\u017ebu Affilbox.cz spole\u010dnosti&nbsp;OLYMPIC s.r.o.<\/p>\n<h3>Objedn\u00e1vka poukazu na webu&nbsp;https:\/\/aerosim.cz<\/h3>\n<p>Abychom mohli zpracovat va\u0161i objedn\u00e1vku, pot\u0159ebujeme zn\u00e1t a d\u00e1le zpracov\u00e1vat va\u0161e osobn\u00ed \u00fadaje. Tyto \u00fadaje zpracov\u00e1v\u00e1me v\u00fdhradn\u011b za \u00fa\u010delem uzav\u0159en\u00ed kupn\u00ed smlouvy&nbsp;a pr\u00e1vn\u00edm z\u00e1kladem takov\u00e9ho zpracov\u00e1n\u00ed je tedy pln\u011bn\u00ed kupn\u00ed smlouvy.<\/p>\n<p>Tyto osobn\u00ed \u00fadaje od v\u00e1s z\u00edsk\u00e1v\u00e1me v\u00fdhradn\u011b na z\u00e1klad\u011b va\u0161\u00ed objedn\u00e1vky na webu https:\/\/aerosim.cz, p\u0159\u00edpadn\u011b telefonickou \u010di e-mailovou objedn\u00e1vkou.<\/p>\n<p>Doba zpracov\u00e1n\u00ed t\u011bchto \u00fadaj\u016f je po dobu vy\u0159izov\u00e1n\u00ed objedn\u00e1vky plus dobu minim\u00e1ln\u011b 10 let, nebo\u0165 tak n\u00e1m to p\u0159ikazuje da\u0148ov\u00fd z\u00e1kon.<\/p>\n<h4>Objedn\u00e1vkov\u00fd formul\u00e1\u0159<\/h4>\n<ul>\n<li>Objedn\u00e1van\u00fd poukaz \/ poukazy &#8211; povinn\u00e9<\/li>\n<li>Forma doru\u010den\u00ed &#8211; povinn\u00e9<\/li>\n<li>Forma platby &#8211; povinn\u00e9<\/li>\n<li>Volba benefitn\u00edho syst\u00e9mu &#8211; povinn\u00e9 v p\u0159\u00edpad\u011b platby benefitem<\/li>\n<li>Jm\u00e9no &#8211; povinn\u00e9<\/li>\n<li>E-mail &#8211; povinn\u00e9<\/li>\n<li>Telefon &#8211; povinn\u00e9 v p\u0159\u00edpad\u011b doru\u010den\u00ed po\u0161tou, osobn\u00edm odb\u011brem \u010di platbou benefitn\u00edm poukazem<\/li>\n<li>Ulice &#8211; povinn\u00e9 v p\u0159\u00edpad\u011b doru\u010den\u00ed po\u0161tou<\/li>\n<li>M\u011bsto &#8211;&nbsp;povinn\u00e9 v p\u0159\u00edpad\u011b doru\u010den\u00ed po\u0161tou<\/li>\n<li>PS\u010c &#8211;&nbsp;&nbsp;povinn\u00e9 v p\u0159\u00edpad\u011b doru\u010den\u00ed po\u0161tou<\/li>\n<li>Faktura\u010dn\u00ed \u00fadaje &#8211; nepovinn\u00e9\n<ul>\n<li>Obchodn\u00ed n\u00e1zev &#8211; nepovinn\u00e9<\/li>\n<li>I\u010cO &#8211; nepovinn\u00e9<\/li>\n<li>DI\u010c &#8211; nepovinn\u00e9<\/li>\n<li>Ulice &#8211; nepovinn\u00e9<\/li>\n<li>M\u011bsto &#8211; nepovinn\u00e9<\/li>\n<li>PS\u010c &#8211; nepovinn\u00e9<\/li>\n<\/ul>\n<\/li>\n<li>Objedn\u00e1v\u00e1m jako d\u00e1rek &#8211; nepovinn\u00e9\n<ul>\n<li>Jm\u00e9no \u010di jm\u00e9na obdarovan\u00fdch &#8211; nepovinn\u00e9<\/li>\n<\/ul>\n<\/li>\n<li>Pozn\u00e1mka &#8211; nepovinn\u00e9\n<ul>\n<li>Zpr\u00e1va (vypl\u0148uje n\u00e1v\u0161t\u011bvn\u00edk webu, m\u016f\u017ee v\u0161ak obsahovat osobn\u00ed \u00fadaje) &#8211; nepovinn\u00e9<\/li>\n<\/ul>\n<\/li>\n<li>Uplatnit kupon &#8211; nepovinn\u00e9\n<ul>\n<li>K\u00f3d kuponu &#8211; nepovinn\u00e9<\/li>\n<\/ul>\n<\/li>\n<li>Souhlas s obchodn\u00edmi podm\u00ednkami &#8211; povinn\u00e9<\/li>\n<\/ul>\n<h3>Rezervace term\u00ednu<\/h3>\n<p>Abychom mohli p\u0159ijmout po\u017eadavek na rezervaci term\u00ednu, mus\u00edme zn\u00e1t kontaktn\u00ed \u00fadaje \u00fa\u010dastn\u00edka a tak\u00e9 jeho k\u00f3d poukazu, kter\u00fd ho oprav\u0148uje k n\u00e1v\u0161t\u011bv\u011b simul\u00e1toru.<\/p>\n<h4>Rezerva\u010dn\u00ed formul\u00e1\u0159<\/h4>\n<ul>\n<li>Jm\u00e9no &#8211; nepovinn\u00e9<\/li>\n<li>E-mail &#8211; povinn\u00e9<\/li>\n<li>K\u00f3d poukazu &#8211; povinn\u00e9<\/li>\n<li>Telefon &#8211; povinn\u00e9<\/li>\n<li>Zpr\u00e1va&nbsp;(po\u017eadavek na term\u00edn, vypl\u0148uje n\u00e1v\u0161t\u011bvn\u00edk webu, m\u016f\u017ee v\u0161ak obsahovat osobn\u00ed \u00fadaje) &#8211; povinn\u00e9<\/li>\n<li>Souhlas s poskytnut\u00edm osobn\u00edch \u00fadaj\u016f &#8211; povinn\u00e9<\/li>\n<\/ul>\n<h3>Kontakt skrze webov\u00fd formul\u00e1\u0159<\/h3>\n<p>Abychom mohli p\u0159ijmout a odpov\u011bd\u011bt na va\u0161i zpr\u00e1vu, je nutn\u00e9 vyplnit v\u0161echna povinn\u00e1 pole formul\u00e1\u0159e.<\/p>\n<h4>Kontaktn\u00ed formul\u00e1\u0159<\/h4>\n<ul>\n<li>E-mailov\u00e1 adresa &#8211; povinn\u00e9<\/li>\n<li>Zpr\u00e1va (vypl\u0148uje n\u00e1v\u0161t\u011bvn\u00edk webu, m\u016f\u017ee v\u0161ak obsahovat osobn\u00ed \u00fadaje) &#8211; povinn\u00e9<\/li>\n<li>Souhlas se zpracov\u00e1n\u00edm osobn\u00edch \u00fadaj\u016f &#8211; povinn\u00e9<\/li>\n<\/ul>\n<h3>Vlo\u017een\u00fd obsah z dal\u0161\u00edch web\u016f<\/h3>\n<p>Tento web m\u016f\u017ee obsahovat vlo\u017een\u00fd obsah (nap\u0159\u00edklad videa, obr\u00e1zky, \u010dl\u00e1nky atd.). Vlo\u017een\u00fd obsah z jin\u00fdch webov\u00fdch str\u00e1nek se chov\u00e1 stejn\u00fdm zp\u016fsobem, jako kdyby n\u00e1v\u0161t\u011bvn\u00edk nav\u0161t\u00edvil jin\u00fd web.<\/p>\n<p>Tyto webov\u00e9 str\u00e1nky mohou shroma\u017e\u010fovat data o v\u00e1s, pou\u017e\u00edvat soubory cookies, vkl\u00e1dat dal\u0161\u00ed sledov\u00e1n\u00ed od t\u0159et\u00edch stran a sledovat va\u0161i interakci s t\u00edmto vlo\u017een\u00fdm obsahem, v\u010detn\u011b sledov\u00e1n\u00ed interakce s vlo\u017een\u00fdm obsahem, pokud m\u00e1te \u00fa\u010det a jste p\u0159ihl\u00e1\u0161eni na danou webovou str\u00e1nku.<\/p>\n<h3>Od kter\u00fdch t\u0159et\u00edch stran z\u00edsk\u00e1v\u00e1me osobn\u00ed \u00fadaje?<\/h3>\n<p>&nbsp;<\/p>\n<p>&nbsp;<\/p>\n<h2>Komunikace<\/h2>\n<h3>Marketingov\u00e1 komunikace<\/h3>\n<p>V p\u0159\u00edpad\u011b, \u017ee n\u00e1m ud\u011bl\u00edte souhlas, budeme va\u0161e osobn\u00ed \u00fadaje (e-mailovou adresu) vyu\u017e\u00edvat pro zas\u00edl\u00e1n\u00ed novinek o na\u0161ich slu\u017eb\u00e1ch, ak\u010dn\u00edch cen\u00e1ch a novink\u00e1ch t\u00fdkaj\u00edc\u00edch se AEROSIM.cz. V \u017e\u00e1dn\u00e9m p\u0159\u00edpad\u011b nebude va\u0161e e-mailov\u00e1 adresa p\u0159ed\u00e1na t\u0159et\u00edm stran\u00e1m a v\u00e1\u0161 souhlas se zas\u00edl\u00e1n\u00edm marketingov\u00fdch sd\u011blen\u00ed m\u016f\u017eete kdykoliv a s okam\u017eitou platnost\u00ed odvolat kliknut\u00edm na odkaz uveden\u00fd v ka\u017ed\u00e9 emailov\u00e9 zpr\u00e1v\u011b nebo po\u017e\u00e1d\u00e1n\u00edm skrze kontaktn\u00ed formul\u00e1\u0159&nbsp;https:\/\/aerosim.cz\/#kontakt.<\/p>\n<h3>E-mailov\u00e1 komunikace<\/h3>\n<p>V p\u0159\u00edpad\u011b, \u017ee n\u00e1s kontaktujete na n\u011bkter\u00e9m z na\u0161ich kontaktn\u00edch email\u016f nebo pomoc\u00ed kontaktn\u00edho formul\u00e1\u0159e na adrese https:\/\/aerosim.cz\/#kontakt, m\u016f\u017eeme v\u00e1s po\u017e\u00e1dat o poskytnut\u00ed jednozna\u010dn\u00fdch identifika\u010dn\u00edch informac\u00ed, kter\u00e9 poslou\u017e\u00ed k ov\u011b\u0159en\u00ed opr\u00e1vn\u011bnosti va\u0161eho po\u017eadavku. E-mailovou komunikaci s v\u00e1mi archivujeme. Pr\u00e1vn\u00edm z\u00e1kladem takov\u00e9ho zpracov\u00e1n\u00ed je n\u00e1\u0161 opr\u00e1vn\u011bn\u00fd z\u00e1jem.<\/p>\n<h3>Telefonick\u00e1 komunikace<\/h3>\n<p>V p\u0159\u00edpad\u011b, \u017ee n\u00e1s kontaktujete na n\u011bkter\u00e9m z na\u0161ich kontaktn\u00edch telefonn\u00edch \u010d\u00edsel, na za\u010d\u00e1tku hovoru v\u00e1s m\u016f\u017eeme po\u017e\u00e1dat o poskytnut\u00ed jednozna\u010dn\u00fdch identifika\u010dn\u00edch informac\u00ed, kter\u00e9 poslou\u017e\u00ed k ov\u011b\u0159en\u00ed opr\u00e1vn\u011bnosti va\u0161eho po\u017eadavku. Pr\u00e1vn\u00edm z\u00e1kladem takov\u00e9ho zpracov\u00e1n\u00ed je n\u00e1\u0161 opr\u00e1vn\u011bn\u00fd z\u00e1jem.<\/p>\n<h2>Va\u0161e pr\u00e1va jako subjektu \u00fadaj\u016f aneb co d\u011blat, kdy\u017e chci sv\u00e9 osobn\u00ed \u00fadaje smazat nebo upravit<\/h2>\n<p>Pokud si p\u0159ejete uplatnit n\u00ed\u017ee uveden\u00e1 pr\u00e1va a\/nebo z\u00edskat p\u0159\u00edslu\u0161n\u00e9 informace, m\u016f\u017eete tak u\u010dinit prost\u0159ednictv\u00edm kontaktn\u00edho formul\u00e1\u0159e https:\/\/aerosim.cz\/#kontakt. M\u016f\u017eeme po v\u00e1s po\u017eadovat poskytnut\u00ed jednozna\u010dn\u00fdch identifika\u010dn\u00edch informac\u00ed, kter\u00e1 poslou\u017e\u00ed k ov\u011b\u0159en\u00ed opr\u00e1vn\u011bnosti va\u0161eho po\u017eadavku. Odpov\u00edme v\u00e1m do 1 m\u011bs\u00edce po obdr\u017een\u00ed va\u0161\u00ed \u017e\u00e1dosti, p\u0159i\u010dem\u017e si v\u0161ak vyhrazujeme pr\u00e1vo tuto lh\u016ftu prodlou\u017eit dle technick\u00e9 a \u010dasov\u00e9 n\u00e1ro\u010dnosti va\u0161eho po\u017eadavku.<\/p>\n<p>V souladu s platn\u00fdmi pr\u00e1vn\u00edmi p\u0159edpisy m\u00e1te pr\u00e1vo po\u017eadovat p\u0159\u00edstup ke sv\u00fdm osobn\u00edm \u00fadaj\u016fm, kter\u00e9 jako spr\u00e1vce osobn\u00edch \u00fadaj\u016f zpracov\u00e1v\u00e1me, pr\u00e1vo na jejich opravu nebo vymaz\u00e1n\u00ed. M\u016f\u017eete tak\u00e9 kdykoliv vz\u00edt zp\u011bt souhlas se zpracov\u00e1n\u00edm n\u011bkter\u00fdch osobn\u00edch \u00fadaj\u016f (nap\u0159. \u00fadaj\u016f k marketingov\u00fdm \u00fa\u010del\u016fm), kter\u00fd jste n\u00e1m poskytli.<\/p>\n<h3>Vymaz\u00e1n\u00ed va\u0161ich osobn\u00edch \u00fadaj\u016f<\/h3>\n<p>Kdykoliv n\u00e1s m\u016f\u017eete po\u017e\u00e1dat o vymaz\u00e1n\u00ed va\u0161ich osobn\u00edch \u00fadaj\u016f. Pokud n\u00e1s oslov\u00edte s takovou \u017e\u00e1dost\u00ed, sma\u017eeme bez zbyte\u010dn\u00e9ho odkladu v\u0161echny va\u0161e osobn\u00ed \u00fadaje, kter\u00e9 evidujeme, pokud v\u0161ak va\u0161e osobn\u00ed \u00fadaje nepot\u0159ebujeme pro pln\u011bn\u00ed smluvn\u00edch a z\u00e1konn\u00fdch povinnost\u00ed \u010di ochranu na\u0161ich opr\u00e1vn\u011bn\u00fdch z\u00e1jm\u016f, jak jsou pops\u00e1ny v\u00fd\u0161e.<\/p>\n<h4>Zakoupen\u00ed poukazu<\/h4>\n<ol>\n<li>Pokud nakupuj\u00edc\u00ed uskute\u010dnil objedn\u00e1vku poukazu a uhradil ji, jeho \u00fadaje t\u00fdkaj\u00edc\u00ed se objedn\u00e1vky jsme povinni uchov\u00e1vat po dobu minim\u00e1ln\u011b 10 let.<\/li>\n<li>Pokud nakupuj\u00edc\u00ed uskute\u010dnil objedn\u00e1vku poukazu, ale neuhradil ji, jeho data mohou b\u00fdt na jeho \u017e\u00e1dost smaz\u00e1na.<\/li>\n<\/ol>\n<h4>Rezervace term\u00ednu<\/h4>\n<ol>\n<li>Pokud objedn\u00e1vaj\u00edc\u00ed uskute\u010dnil rezervaci term\u00ednu a zrealizoval dan\u00fd z\u00e1\u017eitek, po\u017e\u00e1d\u00e1 o vymaz\u00e1n\u00ed \u00fadaj\u016f poskytnut\u00fdch p\u0159i rezervaci, data mohou b\u00fdt smaz\u00e1na za p\u0159edpokladu, \u017ee z\u00e1\u017eitek byl zakoupen p\u0159\u00edmo od provozovatele tohoto webu. V opa\u010dn\u00e9m p\u0159\u00edpad\u011b, kdy byl z\u00e1\u017eitek zakoupen u partnersk\u00e9ho prodejce, jsme povinni uchov\u00e1vat \u00fadaje po dobu minim\u00e1ln\u011b 10 let z d\u016fvodu fakturace sm\u011brem k prodejci.<\/li>\n<li>Pokud objedn\u00e1vaj\u00edc\u00ed uskute\u010dnil rezervaci term\u00ednu a dosud nezrealizoval dan\u00fd z\u00e1\u017eitek, po\u017e\u00e1d\u00e1 o vymaz\u00e1n\u00ed \u00fadaj\u016f poskytnut\u00fdch p\u0159i rezervaci, data mohou b\u00fdt smaz\u00e1na av\u0161ak t\u00edmto krokem dojde k automatick\u00e9mu stornov\u00e1n\u00ed rezervace.<\/li>\n<\/ol>\n<h3>Oprava va\u0161ich osobn\u00edch \u00fadaj\u016f<\/h3>\n<p>M\u00e1te pr\u00e1vo na opravu sv\u00fdch osobn\u00edch \u00fadaj\u016f. \u00dadaje nen\u00ed mo\u017en\u00e9 opravit p\u0159\u00edmo (nap\u0159\u00edklad \u00fadaje uveden\u00e9 na faktu\u0159e), pak n\u00e1s pros\u00edm kontaktujte prost\u0159ednictv\u00edm kontaktn\u00edho formul\u00e1\u0159e na adrese https:\/\/aerosim.cz\/#kontakt.<\/p>\n<h3>Odvol\u00e1n\u00ed platnosti souhlasu<\/h3>\n<p>Ud\u011blen\u00fd souhlas ke zpracov\u00e1n\u00ed n\u011bkter\u00fdch osobn\u00edch \u00fadaj\u016f (nap\u0159. \u00fadaj\u016f pro marketingov\u00e9 \u00fa\u010dely) m\u016f\u017eete kdykoliv odvolat bez uveden\u00ed d\u016fvod\u016f. Berte pros\u00edm na v\u011bdom\u00ed, \u017ee odvol\u00e1n\u00ed va\u0161eho souhlasu nem\u00e1 vliv na z\u00e1konnost jak\u00e9hokoliv zpracov\u00e1n\u00ed prov\u00e1d\u011bn\u00e9ho na z\u00e1klad\u011b d\u0159\u00edve ud\u011blen\u00e9ho souhlasu.<\/p>\n<h3>Va\u0161e dal\u0161\u00ed pr\u00e1va<\/h3>\n<p>Vezm\u011bte pros\u00edm na v\u011bdom\u00ed, \u017ee podle z\u00e1kona o ochran\u011b osobn\u00edch \u00fadaj\u016f m\u00e1te, krom\u011b v\u00fd\u0161e jmenovan\u00fdch, tak\u00e9 pr\u00e1vo:<\/p>\n<ul>\n<li>po\u017eadovat po n\u00e1s informaci, jak\u00e9 va\u0161e osobn\u00ed \u00fadaje zpracov\u00e1v\u00e1me<\/li>\n<li>po\u017eadovat po n\u00e1s vysv\u011btlen\u00ed ohledn\u011b zpracov\u00e1n\u00ed osobn\u00edch \u00fadaj\u016f<\/li>\n<li>vy\u017e\u00e1dat si u n\u00e1s p\u0159\u00edstup k t\u011bmto \u00fadaj\u016fm<\/li>\n<\/ul>\n<h2>Na\u0161i zpracovatel\u00e9 osobn\u00edch \u00fadaj\u016f<\/h2>\n<p>Zpracov\u00e1n\u00ed osobn\u00edch \u00fadaj\u016f je prov\u00e1d\u011bno Davidem Jande\u010dkou, osobn\u00ed \u00fadaje v\u0161ak pro n\u00e1s mohou zpracov\u00e1vat i tito zpracovatel\u00e9:<\/p>\n<ul>\n<li>WEDOS Internet, a.s., Masarykova 1230, 373 41, Hlubok\u00e1 nad Vltavou, \u010cesk\u00e1 republika &#8211; n\u00e1\u0161 poskytovatel webhostingu<\/li>\n<li>Google LLC, Mountain View, CA 94043, Spojen\u00e9 st\u00e1ty americk\u00e9 &#8211; anonymn\u00ed statistika p\u0159\u00edstup\u016f Google Analytics, datov\u00e9 ulo\u017ei\u0161t\u011b a spr\u00e1vce elektronick\u00e9 po\u0161ty<\/li>\n<li>OLYMPIC s.r.o.,&nbsp;Brozany 136, 533 52, Star\u00e9 Hradi\u0161t\u011b, \u010cesk\u00e1 republika &#8211; provizn\u00ed program<\/li>\n<li>Trello, Inc., 55 Broadway, 25th Floor, New York NY 10006, Spojen\u00e9 st\u00e1ty americk\u00e9 &#8211; spr\u00e1vce rezerva\u010dn\u00edho syst\u00e9mu<\/li>\n<li>Solitea \u010cesk\u00e1 republika, a.s., Drobn\u00e9ho 49, 602 00,&nbsp;Brno, \u010cesk\u00e1 republika &#8211; fakturace<\/li>\n<li>p\u0159\u00edpadn\u011b dal\u0161\u00ed poskytovatel\u00e9 zpracovatelsk\u00fdch softwar\u016f, slu\u017eeb a aplikac\u00ed, kter\u00e9 v\u0161ak v sou\u010dasn\u00e9 dob\u011b nevyu\u017e\u00edv\u00e1me<\/li>\n<\/ul>\n<h2>Zabezpe\u010den\u00ed dat<\/h2>\n<p>Va\u0161e data ukl\u00e1d\u00e1me u spole\u010dnosti WEDOS Internet, a.s., se kterou m\u00e1me uzav\u0159enou smlouvu v souladu s pravidly GDPR o Zpracov\u00e1n\u00ed osobn\u00edch \u00fadaj\u016f.<\/p>\n<p>P\u0159i p\u0159enosu dat a soubor\u016f pou\u017e\u00edv\u00e1me zabezpe\u010den\u00e9ho protokolu HTTPS od certifika\u010dn\u00ed autority Let\u2019s Encrypt. Dodr\u017eujeme nezbytn\u00e1 a p\u0159im\u011b\u0159en\u00e1 technick\u00e1 a organiza\u010dn\u00ed opat\u0159en\u00ed pro zaji\u0161t\u011bn\u00ed bezpe\u010dn\u00e9ho ulo\u017een\u00ed t\u011bchto dat.<\/p>\n<h2>Z\u00e1v\u011bre\u010dn\u00e1 ustanoven\u00ed<\/h2>\n<p>Dokument v t\u00e9to verzi byl vytvo\u0159en dne 15.05.2018, datum posledn\u00ed revize je 24.05.2018 a t\u00edmto dnem nab\u00fdv\u00e1 platnosti.[\/et_pb_text][\/et_pb_column][\/et_pb_row][\/et_pb_section]<\/p>\n","protected":false},"excerpt":{"rendered":"<p>PRIVACY POLICY Obecn\u00e1 ustanoven\u00ed Na\u0161e webov\u00e1 adresa je: https:\/\/aerosim.cz. AEROSIM.cz klade na ochranu osobn\u00edch \u00fadaj\u016f velk\u00fd d\u016fraz. Ji\u017e od po\u010d\u00e1tku chr\u00e1n\u00edme \u00fadaje na\u0161ich klient\u016f co nejl\u00e9pe dovedeme. Kontaktn\u00ed \u00fadaje nikdy nep\u0159ed\u00e1v\u00e1me do doby, ne\u017e je zprost\u0159edkov\u00e1na samotn\u00e1 objedn\u00e1vka \u010di pokud n\u00e1m to neukl\u00e1d\u00e1 z\u00e1kon. \u00da\u010delem tohoto dokumentu je informovat v\u00e1s o rozsahu a zp\u016fsobu ukl\u00e1d\u00e1n\u00ed [&hellip;]<\/p>\n","protected":false},"author":1,"featured_media":0,"parent":0,"menu_order":0,"comment_status":"closed","ping_status":"closed","template":"","meta":{"_et_pb_use_builder":"on","_et_pb_old_content":"","_et_gb_content_width":"","footnotes":""},"class_list":["post-1015","page","type-page","status-publish","hentry"],"_links":{"self":[{"href":"https:\/\/aerosim.cz\/en\/wp-json\/wp\/v2\/pages\/1015","targetHints":{"allow":["GET"]}}],"collection":[{"href":"https:\/\/aerosim.cz\/en\/wp-json\/wp\/v2\/pages"}],"about":[{"href":"https:\/\/aerosim.cz\/en\/wp-json\/wp\/v2\/types\/page"}],"author":[{"embeddable":true,"href":"https:\/\/aerosim.cz\/en\/wp-json\/wp\/v2\/users\/1"}],"replies":[{"embeddable":true,"href":"https:\/\/aerosim.cz\/en\/wp-json\/wp\/v2\/comments?post=1015"}],"version-history":[{"count":4,"href":"https:\/\/aerosim.cz\/en\/wp-json\/wp\/v2\/pages\/1015\/revisions"}],"predecessor-version":[{"id":1208,"href":"https:\/\/aerosim.cz\/en\/wp-json\/wp\/v2\/pages\/1015\/revisions\/1208"}],"wp:attachment":[{"href":"https:\/\/aerosim.cz\/en\/wp-json\/wp\/v2\/media?parent=1015"}],"curies":[{"name":"wp","href":"https:\/\/api.w.org\/{rel}","templated":true}]}}