{"id":1007,"date":"2021-05-04T19:08:33","date_gmt":"2021-05-04T17:08:33","guid":{"rendered":"https:\/\/aerosim.eu\/terms-and-conditions\/"},"modified":"2023-02-07T23:27:16","modified_gmt":"2023-02-07T22:27:16","slug":"terms-and-conditions","status":"publish","type":"page","link":"https:\/\/aerosim.cz\/en\/terms-and-conditions\/","title":{"rendered":"Terms and Conditions"},"content":{"rendered":"<p>[et_pb_section fb_built=&#8221;1&#8243; _builder_version=&#8221;4.16&#8243; global_colors_info=&#8221;{}&#8221;][et_pb_row _builder_version=&#8221;4.16&#8243; background_size=&#8221;initial&#8221; background_position=&#8221;top_left&#8221; background_repeat=&#8221;repeat&#8221; global_colors_info=&#8221;{}&#8221;][et_pb_column type=&#8221;4_4&#8243; _builder_version=&#8221;4.16&#8243; custom_padding=&#8221;|||&#8221; global_colors_info=&#8221;{}&#8221; custom_padding__hover=&#8221;|||&#8221;][et_pb_text admin_label=&#8221;Nadpis&#8221; _builder_version=&#8221;4.16&#8243; header_font=&#8221;|700|||||||&#8221; header_text_align=&#8221;center&#8221; header_font_size=&#8221;42px&#8221; header_line_height=&#8221;1.3em&#8221; custom_margin=&#8221;||50px|&#8221; saved_tabs=&#8221;all&#8221; global_colors_info=&#8221;{}&#8221;]<\/p>\n<h1>TERMS AND CONDITIONS<\/h1>\n<p>[\/et_pb_text][et_pb_text admin_label=&#8221;Obchodn\u00ed podm\u00ednky&#8221; _builder_version=&#8221;4.19.5&#8243; hover_enabled=&#8221;0&#8243; global_colors_info=&#8221;{}&#8221; link_text_color=&#8221;#000000&#8243; link_font=&#8221;|700|||||||&#8221; sticky_enabled=&#8221;0&#8243;]<\/p>\n<p>1. Z\u00c1KLADN\u00cd USTANOVEN\u00cd<\/p>\n<p>1.1 Tyto obchodn\u00ed podm\u00ednky internetov\u00e9ho obchodu AEROSIM.cz (d\u00e1le jen \u201eobchodn\u00ed podm\u00ednky\u201d) plat\u00ed pro n\u00e1kup v internetov\u00e9m obchod\u011b AEROSIM.cz, kter\u00fd n\u00ed\u017ee uveden\u00fd prod\u00e1vaj\u00edc\u00ed provozuje na <a href=\"http:\/\/www.aerosim.cz\/\">www.aerosim.cz<\/a><\/p>\n<p>1.2 Tyto obchodn\u00ed podm\u00ednky bl\u00ed\u017ee vymezuj\u00ed a up\u0159es\u0148uj\u00ed pr\u00e1va a povinnosti prod\u00e1vaj\u00edc\u00edho a kupuj\u00edc\u00edho (d\u00e1le jen \u201ekupuj\u00edc\u00ed\u201d \u010di \u201ez\u00e1kazn\u00edk\u201d).<\/p>\n<p>\u00dadaje o prod\u00e1vaj\u00edc\u00edm:<\/p>\n<p>Firma: David Jande\u010dka<\/p>\n<p>Martinov 278, 277 13, Z\u00e1ryby, \u010cesk\u00e1 republika<br \/> I\u010cO: 74985191<\/p>\n<p>Bankovn\u00ed spojen\u00ed:<\/p>\n<p>\u010c.\u00fa.: 2000069664 \/ 2010 (Fio banka)<\/p>\n<p>e-mailov\u00e1 adresa: <a href=\"mailto:info@aerosim.cz\">info@aerosim.cz<\/a> (d\u00e1le jen jako \u201eprod\u00e1vaj\u00edc\u00ed\u201d)<\/p>\n<p>1.3 Z\u00e1kazn\u00edkem simul\u00e1torov\u00e9ho centra AEROSIM.cz je kupuj\u00edc\u00ed. Vzhledem k platn\u00e9 pr\u00e1vn\u00ed \u00faprav\u011b se rozli\u0161uje kupuj\u00edc\u00ed, kter\u00fd je spot\u0159ebitelem a kupuj\u00edc\u00ed, kter\u00fd spot\u0159ebitelem nen\u00ed.<\/p>\n<p>1.4 Je-li kupuj\u00edc\u00edm spot\u0159ebitel, jak je definov\u00e1n v bod\u011b 2.2 n\u00ed\u017ee, \u0159\u00edd\u00ed se vztahy neupraven\u00e9 t\u011bmito obchodn\u00edmi podm\u00ednkami ob\u010dansk\u00fdm z\u00e1kon\u00edkem (z\u00e1kon \u010d. 40\/1964 Sb., ob\u010dansk\u00fd z\u00e1kon\u00edk, ve zn\u011bn\u00ed pozd\u011bj\u0161\u00edch zm\u011bn a dopln\u011bn\u00ed (d\u00e1le jen \u201eOb\u010dZ\u201d) a z\u00e1konem \u010d. 634\/1992 Sb., o ochran\u011b spot\u0159ebitele, ve zn\u011bn\u00ed pozd\u011bj\u0161\u00edch zm\u011bn a dopln\u011bn\u00ed (d\u00e1le jen \u201ez\u00e1kon o ochran\u011b spot\u0159ebitele\u201d).<\/p>\n<p>1.5 Je-li kupuj\u00edc\u00edm jin\u00fd subjekt ne\u017e spot\u0159ebitel tak, jak je definov\u00e1n v bod\u011b 2.3 n\u00ed\u017ee, \u0159\u00edd\u00ed se vztahy neupraven\u00e9 t\u011bmito obchodn\u00edmi podm\u00ednkami obchodn\u00edm z\u00e1kon\u00edkem (z\u00e1kon \u010d. 513\/1991 Sb., obchodn\u00ed z\u00e1kon\u00edk, ve zn\u011bn\u00ed pozd\u011bj\u0161\u00edch zm\u011bn a dopln\u011bn\u00ed) a ustanoven\u00ed \u010dl. 3.6, 6.1, 6.2, 6.3, t\u011bchto obchodn\u00edch podm\u00ednek v takov\u00e9m p\u0159\u00edpad\u011b neplat\u00ed a pro obchodn\u011bpr\u00e1vn\u00ed vztah se nepou\u017eij\u00ed.<\/p>\n<p>1.6 Objedn\u00e1n\u00edm z\u00e1\u017eitku prod\u00e1vaj\u00edc\u00ed potvrzuje, \u017ee souhlas\u00ed s t\u011bmito podm\u00ednkami.<\/p>\n<p>&nbsp;<\/p>\n<p>2. VYMEZEN\u00cd POJM\u016e A POSTUP UZAV\u0158EN\u00cd KUPN\u00cd SMLOUVY<\/p>\n<p>2.1 Prod\u00e1vaj\u00edc\u00ed jedn\u00e1 p\u0159i uzav\u00edr\u00e1n\u00ed a pln\u011bn\u00ed kupn\u00ed smlouvy v r\u00e1mci sv\u00e9 podnikatelsk\u00e9 \u010dinnosti v rozsahu platn\u00e9ho \u017eivnostensk\u00e9ho opr\u00e1vn\u011bn\u00ed. Prod\u00e1vaj\u00edc\u00ed p\u0159\u00edmo nebo prost\u0159ednictv\u00edm t\u0159et\u00edch osob poskytuje slu\u017eby.<\/p>\n<p>2.2 Kupuj\u00edc\u00ed \u2013 spot\u0159ebitel je osoba, kter\u00e1 p\u0159i uzav\u00edr\u00e1n\u00ed a pln\u011bn\u00ed kupn\u00ed smlouvy nejedn\u00e1 v r\u00e1mci sv\u00e9 obchodn\u00ed nebo jin\u00e9 podnikatelsk\u00e9 \u010dinnosti. Je to fyzick\u00e1 osoba, kter\u00e1 nakupuje v\u00fdrobky nebo u\u017e\u00edv\u00e1 slu\u017eby ve smyslu ustanoven\u00ed \u00a7 52 odst. 3 ob\u010dansk\u00e9ho z\u00e1kon\u00edku a z\u00e1kona o ochran\u011b spot\u0159ebitele. Za kupuj\u00edc\u00edho se v r\u00e1mci a pro \u00fa\u010dely t\u011bchto obchodn\u00edch podm\u00ednek pova\u017euje i v\u00edce osob, pokud jednaj\u00ed spole\u010dn\u011b, p\u0159\u00edpadn\u011b pokud za n\u011b jedn\u00e1 osoba pov\u011b\u0159en\u00e1. Z pr\u00e1vn\u00edch \u00fakon\u016f jsou zav\u00e1z\u00e1ni spole\u010dn\u011b a nerozd\u00edln\u011b.<\/p>\n<p>2.3 Kupuj\u00edc\u00ed \u2013 podnikatel je osoba, kter\u00e1 p\u0159i uzav\u00edr\u00e1n\u00ed a pln\u011bn\u00ed kupn\u00ed smlouvy jedn\u00e1 v r\u00e1mci sv\u00e9 obchodn\u00ed nebo jin\u00e9 podnikatelsk\u00e9 \u010dinnosti. Tento kupuj\u00edc\u00ed se \u0159\u00edd\u00ed obchodn\u00edmi podm\u00ednkami v rozsahu, kter\u00e9 se ho t\u00fdkaj\u00ed a obchodn\u00edm z\u00e1kon\u00edkem.<\/p>\n<p>2.4 P\u0159edm\u011bt koup\u011b \u2013 p\u0159edm\u011btem koup\u011b na z\u00e1klad\u011b kupn\u00ed smlouvy je let v\u00a0leteck\u00e9m simul\u00e1toru (pobyt v\u00a0kabin\u011b leteck\u00e9ho simul\u00e1toru \u201eMesserschmitt Bf 109\u201c v\u010detn\u011b interaktivn\u00edho ovl\u00e1d\u00e1n\u00ed simul\u00e1toru) a d\u00e1rkov\u00fd certifik\u00e1t (elektronick\u00e1 \u010di pap\u00edrov\u00e1 verze na z\u00e1klad\u011b volby p\u0159i objedn\u00e1vce) vybran\u00fd z katalogu uveden\u00e9ho na internetov\u00fdch str\u00e1nk\u00e1ch prod\u00e1vaj\u00edc\u00edho, uveden\u00e9 v z\u00e1vazn\u00e9m potvrzen\u00ed objedn\u00e1vky ze strany prod\u00e1vaj\u00edc\u00edho, kter\u00fdm se uzav\u00edr\u00e1 kupn\u00ed smlouva. Informace o letu dostupn\u00e9 na <a href=\"http:\/\/www.aerosim.cz\/\">https:\/\/aerosim.cz<\/a> jsou uv\u00e1d\u011bny podle aktu\u00e1ln\u011b dostupn\u00fdch \u00fadaj\u016f a informac\u00ed. Rozhoduj\u00edc\u00ed jsou \u00fadaje o letu v\u010detn\u011b kupn\u00ed ceny v okam\u017eiku, kdy kupuj\u00edc\u00ed doru\u010d\u00ed objedn\u00e1vku prod\u00e1vaj\u00edc\u00edmu.<\/p>\n<p>2.5 Ceny jsou uv\u00e1d\u011bny bez DPH (prod\u00e1vaj\u00edc\u00ed nen\u00ed pl\u00e1tcem DPH).<\/p>\n<p>2.6 Postup p\u0159i uzav\u0159en\u00ed kupn\u00ed smlouvy je n\u00e1sleduj\u00edc\u00ed: \u2013 kupuj\u00edc\u00ed ode\u0161le vypln\u011bn\u00fd objedn\u00e1vkov\u00fd formul\u00e1\u0159 zve\u0159ejn\u011bn\u00fd na str\u00e1nk\u00e1ch prod\u00e1vaj\u00edc\u00edho; \u2013 prod\u00e1vaj\u00edc\u00ed za\u0161le elektronicky objedn\u00e1vku s \u00fadaji pro uskute\u010dn\u011bn\u00ed platby; \u2013 kupn\u00ed smlouva je uzav\u0159ena okam\u017eikem akceptace odesl\u00e1n\u00ed objedn\u00e1vky na tomto internetov\u00e9m obchod\u011b. Od okam\u017eiku uzav\u0159en\u00ed vznikaj\u00ed mezi kupuj\u00edc\u00edm a prod\u00e1vaj\u00edc\u00edm vz\u00e1jemn\u00e1 pr\u00e1va a povinnosti vypl\u00fdvaj\u00edc\u00ed z uzav\u0159en\u00e9 kupn\u00ed smlouvy.<\/p>\n<p>&nbsp;<\/p>\n<p>3. PR\u00c1VA A POVINNOSTI SMLUVN\u00cdCH STRAN<\/p>\n<p>3.1 Uzav\u0159en\u00edm kupn\u00ed smlouvy vznikne prod\u00e1vaj\u00edc\u00edmu povinnost p\u0159edm\u011bt koup\u011b kupuj\u00edc\u00edmu odevzdat a kupuj\u00edc\u00edmu povinnost p\u0159edm\u011bt koup\u011b p\u0159evz\u00edt a zaplatit za n\u011bj prod\u00e1vaj\u00edc\u00edmu dohodnutou cenu, tedy kupn\u00ed cenu slu\u017eby.<\/p>\n<p>3.2 Prod\u00e1vaj\u00edc\u00ed poskytne slu\u017eby specifikovan\u00e9 na z\u00e1klad\u011b elektronick\u00e9 objedn\u00e1vky a z\u00e1vazn\u00e9ho n\u00e1vrhu prod\u00e1vaj\u00edc\u00edho.<\/p>\n<p>3.3 Prod\u00e1vaj\u00edc\u00ed se zavazuje, \u017ee zrealizuje let v\u00a0leteck\u00e9m simul\u00e1toru na z\u00e1klad\u011b dohody s kupuj\u00edc\u00edm a v objednan\u00e9m rozsahu v souladu s platn\u00fdm pr\u00e1vn\u00edm \u0159\u00e1dem \u010cesk\u00e9 republiky<\/p>\n<p>3.4 Kupuj\u00edc\u00ed je povinen zaplatit prod\u00e1vaj\u00edc\u00edmu kupn\u00ed cenu \u0159\u00e1dn\u011b a v\u010das a to p\u0159ed uskute\u010dn\u011bn\u00edm letu na simul\u00e1toru a p\u0159\u00edpadn\u011b p\u0159ed zasl\u00e1n\u00edm d\u00e1rkov\u00e9ho certifik\u00e1tu.<\/p>\n<p>3.5 V p\u0159\u00edpad\u011b \u017ee, se kupuj\u00edc\u00ed \u2013 spot\u0159ebitel rozhodne odstoupit od kupn\u00ed smlouvy, doporu\u010dujeme n\u00e1sleduj\u00edc\u00ed postup: kupuj\u00edc\u00ed \u2013 spot\u0159ebitel kontaktuje prod\u00e1vaj\u00edc\u00edho na e-mailov\u00e9 adrese <a href=\"mailto:info@aerosim.cz\">info@aerosim.cz<\/a> nebo na adresu prod\u00e1vaj\u00edc\u00edho a p\u00edsemn\u011b uvede, \u017ee odstupuje od smlouvy s uveden\u00edm \u010d\u00edsla objedn\u00e1vky, k\u00f3du d\u00e1rkov\u00e9ho certifik\u00e1tu a \u010d\u00edsla \u00fa\u010dtu pro vr\u00e1cen\u00ed pen\u011bz.<\/p>\n<p>3.6 Prod\u00e1vaj\u00edc\u00ed si vyhrazuje pr\u00e1vo neposkytnut\u00ed zp\u011btn\u00e9 kompenzace v podob\u011b finan\u010dn\u00ed n\u00e1hrady, v p\u0159\u00edpad\u011b, \u017ee z\u00e1kazn\u00edk neprovede storno rezervace do 48 hodin a to p\u00edsemn\u011b \u010di telefonicky p\u0159ed samotn\u00fdm za\u010d\u00e1tkem objednan\u00e9 a zaplacen\u00e9 slu\u017eby.<\/p>\n<p>3.7 Kupuj\u00edc\u00ed nem\u016f\u017ee za \u017e\u00e1dn\u00fdch okolnost\u00ed odstoupit od kupn\u00ed smlouvy v p\u0159\u00edpad\u011b, \u017ee si poskytovan\u00e9 slu\u017eby nebo zbo\u017e\u00ed zakoupil od prod\u00e1vaj\u00edc\u00edho prost\u0159ednictv\u00edm t\u0159et\u00ed osoby nebo subjektu jako jsou slevov\u00e9 port\u00e1ly, partnersk\u00e9 internetov\u00e9 obchody a ostatn\u00ed prodejci. V\u00a0takov\u00e9m p\u0159\u00edpad\u011b kupuj\u00edc\u00ed nem\u00e1 n\u00e1rok na odstoupen\u00ed od smlouvy a vr\u00e1cen\u00ed zaplacen\u00e9 ceny za slu\u017eby nebo zbo\u017e\u00ed.<\/p>\n<p>&nbsp;<\/p>\n<p>4. PLATBA<\/p>\n<p>4.1 Platba je bankovn\u00edm p\u0159evodem na \u00fa\u010det \u010d.: 2000069664 \/ 2010, veden\u00fd u Fio banka, a.s. D\u00e1rkov\u00fd certifik\u00e1t bude zasl\u00e1n pouze po zasl\u00e1n\u00ed platby p\u0159edem, bankovn\u00edm p\u0159evodem dle instrukc\u00ed v elektronick\u00e9 objedn\u00e1vce.<\/p>\n<p>4.2 Let na simul\u00e1toru bude zrealizov\u00e1n po dohod\u011b term\u00ednu a po \u0159\u00e1dn\u00e9m zaplacen\u00ed ceny vybran\u00e9ho letu (d\u00e1rkov\u00e9ho certifik\u00e1tu).<\/p>\n<p>&nbsp;<\/p>\n<p>5. TERM\u00cdN LETU NA SIMUL\u00c1TORU A DOD\u00c1N\u00cd D\u00c1RKOV\u00c9HO CERTIFIK\u00c1TU<\/p>\n<p>5.1 Dod\u00e1n\u00ed d\u00e1rkov\u00e9ho certifik\u00e1tu je v\u00e1z\u00e1no na platbu p\u0159edem, tedy bankovn\u00edm p\u0159evodem na \u00fa\u010det uveden\u00fd na objedn\u00e1vce, kter\u00e1 je zasl\u00e1na elektronicky po potvrzen\u00ed objedn\u00e1vky. D\u00e1rkov\u00fd certifik\u00e1t bude dod\u00e1n, v\u00a0p\u0159\u00edpad\u011b elektronick\u00e9 verze do 2 dn\u016f \/ 48 hodin, v\u00a0p\u0159\u00edpad\u011b pap\u00edrov\u00e9 verze (po\u0161tou) do 7 dn\u016f od obdr\u017een\u00ed platby na \u00fa\u010det prod\u00e1vaj\u00edc\u00edho.<\/p>\n<p>5.2 Term\u00edn letu na simul\u00e1toru je nutn\u00e9 rezervovat na <a href=\"https:\/\/aerosim.cz\/en\/reservation\/\">https:\/\/aerosim.cz\/rezervace<\/a>.<\/p>\n<p>5.3 Doba platnosti objednan\u00e9ho letu na simul\u00e1toru a d\u00e1rkov\u00e9ho certifik\u00e1tu je maxim\u00e1ln\u011b 12\u00a0M\u011aS\u00cdC\u016e od objedn\u00e1n\u00ed letu \u2013 data uveden\u00e9ho na objedn\u00e1vce.<\/p>\n<p>&nbsp;<\/p>\n<p>6. ODPOV\u011aDNOST ZA VADY, Z\u00c1RUKA A REKLAMA\u010cN\u00cd \u0158\u00c1D<\/p>\n<p>6.1 Prod\u00e1vaj\u00edc\u00ed odpov\u00edd\u00e1 kupuj\u00edc\u00edmu za to, \u017ee prod\u00e1van\u00e1 v\u011bc nebo poskytovan\u00e1 slu\u017eba je ve shod\u011b s\u00a0kupn\u00ed smlouvou, zejm\u00e9na, \u017ee je bez vad. Pr\u00e1va kupuj\u00edc\u00edho vypl\u00fdvaj\u00edc\u00ed z odpov\u011bdnosti prod\u00e1vaj\u00edc\u00edho za vady, v\u010detn\u011b z\u00e1ru\u010dn\u00ed odpov\u011bdnosti prod\u00e1vaj\u00edc\u00edho, uplat\u0148uje kupuj\u00edc\u00ed u prod\u00e1vaj\u00edc\u00edho na adrese jeho provozovny.<\/p>\n<p>6.2 Prod\u00e1vaj\u00edc\u00ed si vyhrazuje pr\u00e1vo na zm\u011bnu term\u00ednu letu na simul\u00e1toru z d\u016fvodu omezen\u00e9 voln\u00e9 kapacity \u010di nap\u0159\u00edklad p\u0159i vyu\u017eit\u00ed simul\u00e1toru na firemn\u00edch akc\u00edch.<\/p>\n<p>6.3 Platnost d\u00e1rkov\u00e9ho certifik\u00e1tu je 12\u00a0M\u011aS\u00cdC\u016e, reklamace na pozd\u011bj\u0161\u00ed uplatn\u011bn\u00ed certifik\u00e1tu budou sjedn\u00e1ny individu\u00e1ln\u011b, prod\u00e1vaj\u00edc\u00ed si v\u0161ak vyhrazuje pr\u00e1vo pro\u0161l\u00fd d\u00e1rkov\u00fd certifik\u00e1t neakceptovat.<\/p>\n<p>&nbsp;<\/p>\n<p>7. ODPOV\u011aDNOST ZA \u0160KODY<\/p>\n<p>7.1 Z\u00e1kazn\u00edk se zavazuje dodr\u017eovat bezv\u00fdhradn\u011b instrukce osoby, pov\u011b\u0159en\u00e9 veden\u00edm simul\u00e1toru (d\u00e1le jen jako \u201einstruktor simul\u00e1tor\u016f\u201c).<\/p>\n<p>7.2 Ka\u017ed\u00fd z\u00e1kazn\u00edk je informov\u00e1n instruktorem simul\u00e1tor\u016f o zp\u016fsobu jak zach\u00e1zet s jednotliv\u00fdmi ovlada\u010di simul\u00e1toru pro zamezen\u00ed vzniku \u0161kody. V p\u0159\u00edpad\u011b, \u017ee z\u00e1kazn\u00edk zp\u016fsob\u00ed poskytovateli \u0161kodu (zejm\u00e9na po\u0161kozen\u00ed technick\u00e9ho vybaven\u00ed simul\u00e1toru apod.), je povinen takovou \u0161kodu uhradit v pln\u00e9 v\u00fd\u0161i, a to na po\u017e\u00e1d\u00e1n\u00ed poskytovatele bu\u010f ihned (\u0161koda do 4 999,90 K\u010d), nebo do deseti dn\u00ed (\u0161koda od 5 000,00 K\u010d).<\/p>\n<p>7.3 Prod\u00e1vaj\u00edc\u00ed je opr\u00e1vn\u011bn p\u0159im\u011b\u0159en\u011b \u00fahradu \u0161kody sn\u00ed\u017eit, jestli\u017ee z\u00e1kazn\u00edk prok\u00e1\u017ee, \u017ee postupoval v souladu s pokyny instruktora a z\u00e1rove\u0148 postupoval p\u0159im\u011b\u0159en\u011b, vzhledem ke specifice poskytovan\u00e9 slu\u017eby.<\/p>\n<p>&nbsp;<\/p>\n<p>8. Z\u00c1V\u011aRE\u010cN\u00c1 USTANOVEN\u00cd<\/p>\n<p>8.1 Ve\u0161ker\u00e9 smluvn\u00ed vztahy se \u0159\u00edd\u00ed \u010desk\u00fdm pr\u00e1vn\u00edm \u0159\u00e1dem.<\/p>\n<p>8.2 Tyto obchodn\u00ed podm\u00ednky nab\u00fdvaj\u00ed \u00fa\u010dinnosti dnem jejich zve\u0159ejn\u011bn\u00ed a jsou rozhodn\u00e9 pro ve\u0161ker\u00e9 objedn\u00e1vky u\u010din\u011bn\u00e9 v tento den a pozd\u011bji. Prod\u00e1vaj\u00edc\u00ed si vyhrazuje pr\u00e1vo na zm\u011bnu obchodn\u00edch podm\u00ednek. Dnem jejich zve\u0159ejn\u011bn\u00ed se ru\u0161\u00ed platnost p\u0159edchoz\u00edch obchodn\u00edch podm\u00ednek.<\/p>\n<p>8.3 Kupuj\u00edc\u00ed nen\u00ed opr\u00e1vn\u011bn bez souhlasu prod\u00e1vaj\u00edc\u00edho postoupit svou pohled\u00e1vku v\u016f\u010di prod\u00e1vaj\u00edc\u00edmu vypl\u00fdvaj\u00edc\u00ed z kupn\u00ed smlouvy na t\u0159et\u00ed osobu.<\/p>\n<p>8.4 Zvl\u00e1\u0161tn\u00ed ujedn\u00e1n\u00ed s kupuj\u00edc\u00edm u\u010din\u011bn\u00e1 v kupn\u00ed smlouv\u011b maj\u00ed p\u0159ednost p\u0159ed ustanoven\u00edmi t\u011bchto obchodn\u00edch podm\u00ednek, kter\u00e1 by s nimi byla v rozporu.<\/p>\n<p>&nbsp;<\/p>\n<p>9. OCHRANA OSOBN\u00cdCH \u00daDAJ\u016e<\/p>\n<p>9.1 Prod\u00e1vaj\u00edc\u00ed zpracov\u00e1v\u00e1 osobn\u00ed \u00fadaje v souladu se z\u00e1konem \u010d\u00edslo 101\/2000 Sb., o ochran\u011b osobn\u00edch \u00fadaj\u016f a o zm\u011bn\u011b n\u011bkter\u00fdch z\u00e1kon\u016f ve zn\u011bn\u00ed pozd\u011bj\u0161\u00edch zm\u011bn (d\u00e1le jen \u201eZOO\u00da\u201d).<\/p>\n<p>9.2 Odesl\u00e1n\u00edm objedn\u00e1vky kupuj\u00edc\u00ed prohla\u0161uje, \u017ee byl podle \u00a7 11 ZOO\u00da v platn\u00e9m zn\u011bn\u00ed informov\u00e1n o t\u011bchto skute\u010dnostech: a. Prod\u00e1vaj\u00edc\u00ed bude zpracov\u00e1vat osobn\u00ed \u00fadaje kupuj\u00edc\u00edho uveden\u00e9 v objedn\u00e1vce, tj. jm\u00e9no, p\u0159\u00edjmen\u00ed a adresu kupuj\u00edc\u00edho (d\u00e1le i jen \u201eosobn\u00ed \u00fadaje kupuj\u00edc\u00edho\u201d) v elektronick\u00e9 podob\u011b. b. Osobn\u00ed \u00fadaje kupuj\u00edc\u00edho budou zpracov\u00e1v\u00e1ny pro marketingov\u00e9 \u00fa\u010dely prod\u00e1vaj\u00edc\u00edho. c. Osobn\u00ed \u00fadaje kupuj\u00edc\u00edho nebudou poskytov\u00e1ny t\u0159et\u00edm osob\u00e1m s v\u00fdjimkou zasilatelsk\u00fdch spole\u010dnost\u00ed, podle toho kter\u00e1 ze spole\u010dnost\u00ed bude prov\u00e1d\u011bt dopravu z\u00e1silky kupuj\u00edc\u00edmu. d. Kupuj\u00edc\u00ed jako subjekt \u00fadaj\u016f m\u00e1 pr\u00e1vo p\u0159\u00edstupu k vlastn\u00edm osobn\u00edm \u00fadaj\u016fm zpracov\u00e1van\u00fdm prod\u00e1vaj\u00edc\u00edm a pr\u00e1vo na jejich opravu.<\/p>\n<p>8.3 Odesl\u00e1n\u00edm elektronick\u00e9 objedn\u00e1vky kupuj\u00edc\u00ed stvrzuje, \u017ee souhlas\u00ed podle \u00a7 5 ZOO\u00da s t\u011bmito skute\u010dnostmi: a. Prod\u00e1vaj\u00edc\u00edmu bude zpracov\u00e1vat telefonn\u00ed \u010d\u00edslo a e-mail kupuj\u00edc\u00edho v elektronick\u00e9 podob\u011b. b. Telefonn\u00ed \u010d\u00edslo a e-mail kupuj\u00edc\u00edho budou zpracov\u00e1v\u00e1ny pro marketingov\u00e9 \u00fa\u010dely prod\u00e1vaj\u00edc\u00edho. c. Telefonn\u00ed \u010d\u00edslo a e-mail kupuj\u00edc\u00edho nebudou poskytov\u00e1ny t\u0159et\u00edm osob\u00e1m s v\u00fdjimkou zasilatelsk\u00fdch spole\u010dnost\u00ed, podle toho, kter\u00e1 ze spole\u010dnost\u00ed bude prov\u00e1d\u011bt dopravu z\u00e1silky kupuj\u00edc\u00edmu. d. Kupuj\u00edc\u00ed jako subjektu \u00fadaj\u016f m\u00e1 pr\u00e1vo p\u0159\u00edstupu k vlastn\u00edm \u00fadaj\u016fm zpracov\u00e1van\u00fdm prod\u00e1vaj\u00edc\u00edho a pr\u00e1vo na jejich opravu. e. Telefonn\u00ed \u010d\u00edslo a e-mail kupuj\u00edc\u00edho budou uchov\u00e1v\u00e1ny po dobu souhlasu kupuj\u00edc\u00edho se zpracov\u00e1v\u00e1n\u00edm t\u011bchto \u00fadaj\u016f. 8.4 Kupuj\u00edc\u00ed jako subjekt \u00fadaj\u016f m\u016f\u017ee prod\u00e1vaj\u00edc\u00edho po\u017e\u00e1dat o vysv\u011btlen\u00ed ke zpracov\u00e1n\u00ed osobn\u00edch \u00fadaj\u016f a jejich zm\u011bn ve smyslu \u00a7 21 ZOO\u00da, a to pokud zjist\u00ed nebo se domn\u00edv\u00e1, \u017ee jeho \u00fadaje jsou zpracov\u00e1v\u00e1ny v rozporu s ochranou jeho soukrom\u00e9ho a osobn\u00edho \u017eivota nebo v rozporu se z\u00e1konem, zejm\u00e9na jsou-li osobn\u00ed \u00fadaje nep\u0159esn\u00e9 s ohledem na \u00fa\u010del jejich zpracov\u00e1n\u00ed. Kupuj\u00edc\u00ed m\u016f\u017ee v t\u00e9to souvislosti po\u017eadovat, aby prod\u00e1vaj\u00edc\u00ed takto vznikl\u00fd stav odstranil. Nevyhov\u00ed-li prod\u00e1vaj\u00edc\u00ed takov\u00e9mu po\u017eadavku, m\u00e1 kupuj\u00edc\u00ed pr\u00e1vo obr\u00e1tit se p\u0159\u00edmo na \u00da\u0159ad pro ochranu osobn\u00edch \u00fadaj\u016f se s\u00eddlem v Praze.<\/p>\n<p>8.4 Kupuj\u00edc\u00ed poskytuje sv\u00e9 \u00fadaje dobrovoln\u011b v souvislosti s uzav\u0159en\u00edm kupn\u00ed smlouvy a pln\u011bn\u00edm plynouc\u00edm z t\u00e9to kupn\u00ed smlouvy.<\/p>\n<p>[\/et_pb_text][\/et_pb_column][\/et_pb_row][\/et_pb_section]<\/p>\n","protected":false},"excerpt":{"rendered":"<p>TERMS AND CONDITIONS 1. Z\u00c1KLADN\u00cd USTANOVEN\u00cd 1.1 Tyto obchodn\u00ed podm\u00ednky internetov\u00e9ho obchodu AEROSIM.cz (d\u00e1le jen \u201eobchodn\u00ed podm\u00ednky\u201d) plat\u00ed pro n\u00e1kup v internetov\u00e9m obchod\u011b AEROSIM.cz, kter\u00fd n\u00ed\u017ee uveden\u00fd prod\u00e1vaj\u00edc\u00ed provozuje na www.aerosim.cz 1.2 Tyto obchodn\u00ed podm\u00ednky bl\u00ed\u017ee vymezuj\u00ed a up\u0159es\u0148uj\u00ed pr\u00e1va a povinnosti prod\u00e1vaj\u00edc\u00edho a kupuj\u00edc\u00edho (d\u00e1le jen \u201ekupuj\u00edc\u00ed\u201d \u010di \u201ez\u00e1kazn\u00edk\u201d). \u00dadaje o prod\u00e1vaj\u00edc\u00edm: Firma: David [&hellip;]<\/p>\n","protected":false},"author":1,"featured_media":0,"parent":0,"menu_order":0,"comment_status":"closed","ping_status":"closed","template":"","meta":{"_et_pb_use_builder":"on","_et_pb_old_content":"","_et_gb_content_width":"","footnotes":""},"class_list":["post-1007","page","type-page","status-publish","hentry"],"_links":{"self":[{"href":"https:\/\/aerosim.cz\/en\/wp-json\/wp\/v2\/pages\/1007","targetHints":{"allow":["GET"]}}],"collection":[{"href":"https:\/\/aerosim.cz\/en\/wp-json\/wp\/v2\/pages"}],"about":[{"href":"https:\/\/aerosim.cz\/en\/wp-json\/wp\/v2\/types\/page"}],"author":[{"embeddable":true,"href":"https:\/\/aerosim.cz\/en\/wp-json\/wp\/v2\/users\/1"}],"replies":[{"embeddable":true,"href":"https:\/\/aerosim.cz\/en\/wp-json\/wp\/v2\/comments?post=1007"}],"version-history":[{"count":8,"href":"https:\/\/aerosim.cz\/en\/wp-json\/wp\/v2\/pages\/1007\/revisions"}],"predecessor-version":[{"id":1522,"href":"https:\/\/aerosim.cz\/en\/wp-json\/wp\/v2\/pages\/1007\/revisions\/1522"}],"wp:attachment":[{"href":"https:\/\/aerosim.cz\/en\/wp-json\/wp\/v2\/media?parent=1007"}],"curies":[{"name":"wp","href":"https:\/\/api.w.org\/{rel}","templated":true}]}}